{"id":420,"date":"2019-07-31T15:16:30","date_gmt":"2019-07-31T15:16:30","guid":{"rendered":"http:\/\/hidalgoesavinoseguros.com.br\/site\/?page_id=420"},"modified":"2019-07-31T22:40:02","modified_gmt":"2019-07-31T22:40:02","slug":"interior-design-3","status":"publish","type":"page","link":"https:\/\/hidalgoesavinoseguros.com.br\/site\/service-2\/interior-design-3\/","title":{"rendered":"Ades\u00e3o"},"content":{"rendered":"<div  data-size='featured_large'  data-lightbox_size='large'  data-animation='fade'  data-conditional_play=''  data-ids='358'  data-video_counter='0'  data-autoplay='true'  data-bg_slider='false'  data-slide_height=''  data-handle='av_slideshow'  data-interval='5'  data-class=' avia-builder-el-0  el_before_av_one_full  avia-builder-el-first   '  data-css_id=''  data-scroll_down=''  data-control_layout='av-control-hidden'  data-custom_markup=''  data-perma_caption=''  data-autoplay_stopper=''  data-image_attachment=''  data-min_height='0px'  data-default-height='42'  class='avia-slideshow avia-slideshow-1  av-control-hidden av-default-height-applied avia-slideshow-featured_large av_slideshow  avia-builder-el-0  el_before_av_one_full  avia-builder-el-first    avia-fade-slider '  itemprop=\"image\" itemscope=\"itemscope\" itemtype=\"https:\/\/schema.org\/ImageObject\" ><ul class='avia-slideshow-inner ' style='padding-bottom: 42%;' ><li  class=' av-single-slide slide-1 ' ><div data-rel='slideshow-1' class='avia-slide-wrap '   ><img src='https:\/\/hidalgoesavinoseguros.com.br\/site\/wp-content\/uploads\/2019\/06\/alt_Planos_por_Adesao.jpg' width='1500' height='630' title='alt_Planos_por_Adesao' alt=''  itemprop=\"thumbnailUrl\"   \/><\/div><\/li><\/ul><\/div>\n<div class=\"flex_column av_one_full  av-animated-generic bottom-to-top  flex_column_div av-zero-column-padding first  avia-builder-el-1  el_after_av_slideshow  el_before_av_one_full  \" style='margin-top:0px; margin-bottom:0px; border-radius:0px; '><p><div style='padding-bottom:0px; ' class='av-special-heading av-special-heading-h2  blockquote modern-quote  avia-builder-el-2  el_before_av_hr  avia-builder-el-first   '><h2 class='av-special-heading-tag '  itemprop=\"headline\"  >Ades\u00e3o<\/h2><div class='special-heading-border'><div class='special-heading-inner-border' ><\/div><\/div><\/div><br \/>\n<div style=' margin-top:10px; margin-bottom:10px;'  class='hr hr-custom hr-left hr-icon-no   avia-builder-el-3  el_after_av_heading  avia-builder-el-last '><span class='hr-inner   inner-border-av-border-fat' style=' width:50px; border-color:#efbb20;' ><span class='hr-inner-style'><\/span><\/span><\/div><\/p><\/div>\n<div class=\"flex_column av_one_full  av-animated-generic bottom-to-top  flex_column_div av-zero-column-padding first  avia-builder-el-4  el_after_av_one_full  avia-builder-el-last  column-top-margin\" style='margin-top:0px; margin-bottom:0px; border-radius:0px; '><section class=\"av_textblock_section \"  itemscope=\"itemscope\" itemtype=\"https:\/\/schema.org\/CreativeWork\" ><div class='avia_textblock  '   itemprop=\"text\" ><p>S\u00e3o planos pensados para uma coletividade, um grande n\u00famero de pessoas que possuem alguma caracter\u00edstica em comum &#8211; os chamados grupos de afinidade. De maneira geral, esses grupos s\u00e3o classificados de acordo com sua categoria profissional, \u00e1rea de atua\u00e7\u00e3o ou empresa em que trabalham.<\/p>\n<ul>\n<li><strong>Planos coletivos por ades\u00e3o: <\/strong>viabilizados para grupos de pessoas definidos de acordo com a sua categoria profissional ou \u00e1rea de atua\u00e7\u00e3o e vinculadas a uma entidade de classe ou institui\u00e7\u00e3o que as representa.<\/li>\n<li>para adquirir um plano coletivo por ades\u00e3o, voc\u00ea deve comprovar v\u00ednculo com sua entidade de classe.<\/li>\n<\/ul>\n<\/div><\/section><\/div>\n","protected":false},"excerpt":{"rendered":"","protected":false},"author":1,"featured_media":0,"parent":348,"menu_order":0,"comment_status":"closed","ping_status":"closed","template":"","meta":[],"_links":{"self":[{"href":"https:\/\/hidalgoesavinoseguros.com.br\/site\/wp-json\/wp\/v2\/pages\/420"}],"collection":[{"href":"https:\/\/hidalgoesavinoseguros.com.br\/site\/wp-json\/wp\/v2\/pages"}],"about":[{"href":"https:\/\/hidalgoesavinoseguros.com.br\/site\/wp-json\/wp\/v2\/types\/page"}],"author":[{"embeddable":true,"href":"https:\/\/hidalgoesavinoseguros.com.br\/site\/wp-json\/wp\/v2\/users\/1"}],"replies":[{"embeddable":true,"href":"https:\/\/hidalgoesavinoseguros.com.br\/site\/wp-json\/wp\/v2\/comments?post=420"}],"version-history":[{"count":2,"href":"https:\/\/hidalgoesavinoseguros.com.br\/site\/wp-json\/wp\/v2\/pages\/420\/revisions"}],"predecessor-version":[{"id":445,"href":"https:\/\/hidalgoesavinoseguros.com.br\/site\/wp-json\/wp\/v2\/pages\/420\/revisions\/445"}],"up":[{"embeddable":true,"href":"https:\/\/hidalgoesavinoseguros.com.br\/site\/wp-json\/wp\/v2\/pages\/348"}],"wp:attachment":[{"href":"https:\/\/hidalgoesavinoseguros.com.br\/site\/wp-json\/wp\/v2\/media?parent=420"}],"curies":[{"name":"wp","href":"https:\/\/api.w.org\/{rel}","templated":true}]}}