{"id":416,"date":"2019-07-31T15:09:40","date_gmt":"2019-07-31T15:09:40","guid":{"rendered":"http:\/\/hidalgoesavinoseguros.com.br\/site\/?page_id=416"},"modified":"2019-07-31T22:36:58","modified_gmt":"2019-07-31T22:36:58","slug":"interior-design-2-2","status":"publish","type":"page","link":"https:\/\/hidalgoesavinoseguros.com.br\/site\/service-2\/interior-design-2-2\/","title":{"rendered":"Empres\u00e1rios Individuais ( MEI )"},"content":{"rendered":"<div  data-size='featured_large'  data-lightbox_size='large'  data-animation='fade'  data-conditional_play=''  data-ids='357'  data-video_counter='0'  data-autoplay='true'  data-bg_slider='false'  data-slide_height=''  data-handle='av_slideshow'  data-interval='5'  data-class=' avia-builder-el-0  el_before_av_one_full  avia-builder-el-first   '  data-css_id=''  data-scroll_down=''  data-control_layout='av-control-hidden'  data-custom_markup=''  data-perma_caption=''  data-autoplay_stopper=''  data-image_attachment=''  data-min_height='0px'  data-default-height='42'  class='avia-slideshow avia-slideshow-1  av-control-hidden av-default-height-applied avia-slideshow-featured_large av_slideshow  avia-builder-el-0  el_before_av_one_full  avia-builder-el-first    avia-fade-slider '  itemprop=\"image\" itemscope=\"itemscope\" itemtype=\"https:\/\/schema.org\/ImageObject\" ><ul class='avia-slideshow-inner ' style='padding-bottom: 42%;' ><li  class=' av-single-slide slide-1 ' ><div data-rel='slideshow-1' class='avia-slide-wrap '   ><img src='https:\/\/hidalgoesavinoseguros.com.br\/site\/wp-content\/uploads\/2019\/06\/alt_Planos_para_MEI.jpg' width='1500' height='630' title='alt_Planos_para_MEI' alt=''  itemprop=\"thumbnailUrl\"   \/><\/div><\/li><\/ul><\/div>\n<div class=\"flex_column av_one_full  av-animated-generic bottom-to-top  flex_column_div av-zero-column-padding first  avia-builder-el-1  el_after_av_slideshow  el_before_av_one_full  \" style='margin-top:0px; margin-bottom:0px; border-radius:0px; '><p><div style='padding-bottom:0px; ' class='av-special-heading av-special-heading-h2  blockquote modern-quote  avia-builder-el-2  el_before_av_hr  avia-builder-el-first   '><h2 class='av-special-heading-tag '  itemprop=\"headline\"  >Empres\u00e1rios Individuais ( MEI )<\/h2><div class='special-heading-border'><div class='special-heading-inner-border' ><\/div><\/div><\/div><br \/>\n<div style=' margin-top:10px; margin-bottom:10px;'  class='hr hr-custom hr-left hr-icon-no   avia-builder-el-3  el_after_av_heading  avia-builder-el-last '><span class='hr-inner   inner-border-av-border-fat' style=' width:50px; border-color:#efbb20;' ><span class='hr-inner-style'><\/span><\/span><\/div><\/p><\/div>\n<div class=\"flex_column av_one_full  av-animated-generic bottom-to-top  flex_column_div av-zero-column-padding first  avia-builder-el-4  el_after_av_one_full  avia-builder-el-last  column-top-margin\" style='margin-top:0px; margin-bottom:0px; border-radius:0px; '><section class=\"av_textblock_section \"  itemscope=\"itemscope\" itemtype=\"https:\/\/schema.org\/CreativeWork\" ><div class='avia_textblock  '   itemprop=\"text\" ><p>Quem \u00e9\u00a0MEI\u00a0(Micro Empreendedor Individual) tamb\u00e9m pode fazer o Plano de Sa\u00fade para Empresas. Veja quais os requisitos e benef\u00edcios desse tipo de plano abaixo.<\/p>\n<ul>\n<li>As operadoras dever\u00e3o comprovar a inscri\u00e7\u00e3o como MEI h\u00e1 pelo menos 6 meses no ato da aquisi\u00e7\u00e3o do plano e na data do anivers\u00e1rio do contrato;<\/li>\n<li>Quem tem MEI tamb\u00e9m poder\u00e1 estender a cobertura do plano de sa\u00fade empresarial a seus dependentes, desde que haja v\u00ednculo familiar. Como a MEI permite a contrata\u00e7\u00e3o de um funcion\u00e1rio, este tamb\u00e9m poder\u00e1 incluir seus dependentes no plano;<\/li>\n<li>A venda de plano de sa\u00fade empresarial costuma ser para 3 vidas. No entanto, a maioria das operadoras oferece a partir de 2 vidas ou at\u00e9 mesmo 1 vida de forma promocional. J\u00e1 a quantidade e dependentes diretos \u00e9 ilimitada;<\/li>\n<li>O\u00a0plano de sa\u00fade para Empresas\u00a0para quem \u00e9 MEI costumam ser em m\u00e9dia 35% mais barato do que para pessoa f\u00edsica;<\/li>\n<li>Apesar do valor baixo, a maioria deles oferece uma ampla cobertura e melhores profissionais. Na maioria, voc\u00ea pode contar com servi\u00e7os como home care, UTI m\u00f3vel, exames sofisticados, remo\u00e7\u00e3o a\u00e9rea e terrestre, programas de preven\u00e7\u00e3o, centros especializados etc;<\/li>\n<li>Quem \u00e9 MEI pode declarar o valor pago com o plano de sa\u00fade no Imposto de Renda.<\/li>\n<\/ul>\n<\/div><\/section><\/div>\n","protected":false},"excerpt":{"rendered":"","protected":false},"author":1,"featured_media":0,"parent":348,"menu_order":0,"comment_status":"closed","ping_status":"closed","template":"","meta":[],"_links":{"self":[{"href":"https:\/\/hidalgoesavinoseguros.com.br\/site\/wp-json\/wp\/v2\/pages\/416"}],"collection":[{"href":"https:\/\/hidalgoesavinoseguros.com.br\/site\/wp-json\/wp\/v2\/pages"}],"about":[{"href":"https:\/\/hidalgoesavinoseguros.com.br\/site\/wp-json\/wp\/v2\/types\/page"}],"author":[{"embeddable":true,"href":"https:\/\/hidalgoesavinoseguros.com.br\/site\/wp-json\/wp\/v2\/users\/1"}],"replies":[{"embeddable":true,"href":"https:\/\/hidalgoesavinoseguros.com.br\/site\/wp-json\/wp\/v2\/comments?post=416"}],"version-history":[{"count":2,"href":"https:\/\/hidalgoesavinoseguros.com.br\/site\/wp-json\/wp\/v2\/pages\/416\/revisions"}],"predecessor-version":[{"id":443,"href":"https:\/\/hidalgoesavinoseguros.com.br\/site\/wp-json\/wp\/v2\/pages\/416\/revisions\/443"}],"up":[{"embeddable":true,"href":"https:\/\/hidalgoesavinoseguros.com.br\/site\/wp-json\/wp\/v2\/pages\/348"}],"wp:attachment":[{"href":"https:\/\/hidalgoesavinoseguros.com.br\/site\/wp-json\/wp\/v2\/media?parent=416"}],"curies":[{"name":"wp","href":"https:\/\/api.w.org\/{rel}","templated":true}]}}