{"id":412,"date":"2019-07-31T15:06:21","date_gmt":"2019-07-31T15:06:21","guid":{"rendered":"http:\/\/hidalgoesavinoseguros.com.br\/site\/?page_id=412"},"modified":"2019-07-31T22:38:55","modified_gmt":"2019-07-31T22:38:55","slug":"architecture-2","status":"publish","type":"page","link":"https:\/\/hidalgoesavinoseguros.com.br\/site\/service-2\/architecture-2\/","title":{"rendered":"Odontol\u00f3gico"},"content":{"rendered":"<div  data-size='featured_large'  data-lightbox_size='large'  data-animation='fade'  data-conditional_play=''  data-ids='356'  data-video_counter='0'  data-autoplay='true'  data-bg_slider='false'  data-slide_height=''  data-handle='av_slideshow'  data-interval='5'  data-class=' avia-builder-el-0  el_before_av_one_full  avia-builder-el-first   '  data-css_id=''  data-scroll_down=''  data-control_layout='av-control-hidden'  data-custom_markup=''  data-perma_caption=''  data-autoplay_stopper=''  data-image_attachment=''  data-min_height='0px'  data-default-height='42'  class='avia-slideshow avia-slideshow-1  av-control-hidden av-default-height-applied avia-slideshow-featured_large av_slideshow  avia-builder-el-0  el_before_av_one_full  avia-builder-el-first    avia-fade-slider '  itemprop=\"image\" itemscope=\"itemscope\" itemtype=\"https:\/\/schema.org\/ImageObject\" ><ul class='avia-slideshow-inner ' style='padding-bottom: 42%;' ><li  class=' av-single-slide slide-1 ' ><div data-rel='slideshow-1' class='avia-slide-wrap '   ><img src='https:\/\/hidalgoesavinoseguros.com.br\/site\/wp-content\/uploads\/2019\/06\/alt_Planos_odontologicos-1.jpg' width='1500' height='630' title='alt_Planos_odontologicos' alt=''  itemprop=\"thumbnailUrl\"   \/><\/div><\/li><\/ul><\/div>\n<div class=\"flex_column av_one_full  av-animated-generic bottom-to-top  flex_column_div av-zero-column-padding first  avia-builder-el-1  el_after_av_slideshow  el_before_av_one_full  \" style='margin-top:0px; margin-bottom:0px; border-radius:0px; '><p><div style='padding-bottom:0px; ' class='av-special-heading av-special-heading-h2  blockquote modern-quote  avia-builder-el-2  el_before_av_hr  avia-builder-el-first   '><h2 class='av-special-heading-tag '  itemprop=\"headline\"  >Odontol\u00f3gico<\/h2><div class='special-heading-border'><div class='special-heading-inner-border' ><\/div><\/div><\/div><br \/>\n<div style=' margin-top:10px; margin-bottom:10px;'  class='hr hr-custom hr-left hr-icon-no   avia-builder-el-3  el_after_av_heading  avia-builder-el-last '><span class='hr-inner   inner-border-av-border-fat' style=' width:50px; border-color:#efbb20;' ><span class='hr-inner-style'><\/span><\/span><\/div><\/p><\/div>\n<div class=\"flex_column av_one_full  av-animated-generic bottom-to-top  flex_column_div av-zero-column-padding first  avia-builder-el-4  el_after_av_one_full  avia-builder-el-last  column-top-margin\" style='margin-top:0px; margin-bottom:0px; border-radius:0px; '><section class=\"av_textblock_section \"  itemscope=\"itemscope\" itemtype=\"https:\/\/schema.org\/CreativeWork\" ><div class='avia_textblock  '   itemprop=\"text\" ><h2>Como funcionam os planos odontol\u00f3gicos?<\/h2>\n<p>\u00c9 muito parecido com o plano de sa\u00fade comum. Mediante o pagamento de uma mensalidade, o benefici\u00e1rio tem direito a atendimento odontol\u00f3gico em uma rede de profissionais credenciados.<\/p>\n<p>Cada tipo de plano odontol\u00f3gico possui uma cobertura diferente, de acordo com o valor da mensalidade. Alguns planos cobrem apenas procedimentos mais simples. J\u00e1 outros abrangem tamb\u00e9m os de maior complexidade.<\/p>\n<p>A\u00a0Ag\u00eancia Nacional de Sa\u00fade Suplementar\u00a0(ANS) estipula uma\u00a0lista m\u00ednima de procedimentos odontol\u00f3gicos\u00a0que devem constar da cobertura dos planos.<\/p>\n<p>Sendo assim, procedimentos como\u00a0restaura\u00e7\u00f5es,\u00a0tratamento de c\u00e1ries, limpeza, remo\u00e7\u00e3o de t\u00e1rtaro e aplica\u00e7\u00f5es de fl\u00faor fazem parte do rol de\u00a0cobertura de todos os planos odontol\u00f3gicos.<\/p>\n<p>Os exames de raios-X tamb\u00e9m costumam ser inclu\u00eddos, seja de um dente s\u00f3 ou radiografia panor\u00e2mica.<\/p>\n<p>Alguns planos abrangem tamb\u00e9m procedimentos de maior complexidade, como extra\u00e7\u00e3o de dentes, tratamento de canal, pequenas cirurgias e bi\u00f3psias. Muitos oferecem tamb\u00e9m atendimento de emerg\u00eancia 24 horas.<\/p>\n<p>No entanto, os tratamentos de natureza est\u00e9tica, como\u00a0clareamento dos dentes, geralmente n\u00e3o s\u00e3o cobertos pelos planos odontol\u00f3gicos.<\/p>\n<p>Outra quest\u00e3o comum \u00e9 se os\u00a0planos odontol\u00f3gicos cobrem implantes dent\u00e1rios\u00a0e pr\u00f3teses. Infelizmente, a maioria dos planos n\u00e3o cobre a coloca\u00e7\u00e3o de implantes, mas alguns cobrem a fabrica\u00e7\u00e3o de pr\u00f3teses.<\/p>\n<h2>Um plano odontol\u00f3gico vale a pena?<\/h2>\n<p>A n\u00e3o ser que voc\u00ea perten\u00e7a ao pequeno grupo de pessoas que nunca tem c\u00e1ries, a contrata\u00e7\u00e3o de um plano odontol\u00f3gico s\u00f3 tem vantagens a oferecer.<\/p>\n<p>Mesmo um procedimento trivial, como o de limpeza, ou uma simples consulta inicial, pode custar mais caro do que a mensalidade do plano.<\/p>\n<p>Colocando na ponta do l\u00e1pis o custo de tratamentos de c\u00e1ries, colagens, curativos, etc., n\u00e3o \u00e9 dif\u00edcil perceber que \u00e9 vantajoso aderir a um plano dent\u00e1rio. \u00c9 o que pensam mais de 20 milh\u00f5es de brasileiros.<\/p>\n<p>Voc\u00ea ainda pode ser perguntar \u201cAh, mas se eu tiver que fazer um tratamento de canal, apenas os planos mais caros cobrir\u00e3o. A\u00ed terei de pagar do meu bolso do mesmo jeito, ent\u00e3o n\u00e3o vale a pena\u201d.<\/p>\n<p>No entanto, se voc\u00ea realmente usar o seu plano odontol\u00f3gico mais simples com regularidade, e n\u00e3o apenas quando estiver com dores insuport\u00e1veis, n\u00e3o chegar\u00e1 a ter problemas mais s\u00e9rios, como de canal.<\/p>\n<\/div><\/section><\/div>\n","protected":false},"excerpt":{"rendered":"","protected":false},"author":1,"featured_media":83,"parent":348,"menu_order":0,"comment_status":"closed","ping_status":"closed","template":"","meta":[],"_links":{"self":[{"href":"https:\/\/hidalgoesavinoseguros.com.br\/site\/wp-json\/wp\/v2\/pages\/412"}],"collection":[{"href":"https:\/\/hidalgoesavinoseguros.com.br\/site\/wp-json\/wp\/v2\/pages"}],"about":[{"href":"https:\/\/hidalgoesavinoseguros.com.br\/site\/wp-json\/wp\/v2\/types\/page"}],"author":[{"embeddable":true,"href":"https:\/\/hidalgoesavinoseguros.com.br\/site\/wp-json\/wp\/v2\/users\/1"}],"replies":[{"embeddable":true,"href":"https:\/\/hidalgoesavinoseguros.com.br\/site\/wp-json\/wp\/v2\/comments?post=412"}],"version-history":[{"count":2,"href":"https:\/\/hidalgoesavinoseguros.com.br\/site\/wp-json\/wp\/v2\/pages\/412\/revisions"}],"predecessor-version":[{"id":444,"href":"https:\/\/hidalgoesavinoseguros.com.br\/site\/wp-json\/wp\/v2\/pages\/412\/revisions\/444"}],"up":[{"embeddable":true,"href":"https:\/\/hidalgoesavinoseguros.com.br\/site\/wp-json\/wp\/v2\/pages\/348"}],"wp:featuredmedia":[{"embeddable":true,"href":"https:\/\/hidalgoesavinoseguros.com.br\/site\/wp-json\/wp\/v2\/media\/83"}],"wp:attachment":[{"href":"https:\/\/hidalgoesavinoseguros.com.br\/site\/wp-json\/wp\/v2\/media?parent=412"}],"curies":[{"name":"wp","href":"https:\/\/api.w.org\/{rel}","templated":true}]}}