{"id":408,"date":"2019-07-31T14:56:03","date_gmt":"2019-07-31T14:56:03","guid":{"rendered":"http:\/\/hidalgoesavinoseguros.com.br\/site\/?page_id=408"},"modified":"2019-07-31T22:34:51","modified_gmt":"2019-07-31T22:34:51","slug":"big-projects-2","status":"publish","type":"page","link":"https:\/\/hidalgoesavinoseguros.com.br\/site\/service-2\/big-projects-2\/","title":{"rendered":"Individual \/ Familiar"},"content":{"rendered":"<div  data-size='featured_large'  data-lightbox_size='large'  data-animation='fade'  data-conditional_play=''  data-ids='353'  data-video_counter='0'  data-autoplay='true'  data-bg_slider='false'  data-slide_height=''  data-handle='av_slideshow'  data-interval='5'  data-class=' avia-builder-el-0  el_before_av_one_full  avia-builder-el-first   '  data-css_id=''  data-scroll_down=''  data-control_layout='av-control-hidden'  data-custom_markup=''  data-perma_caption=''  data-autoplay_stopper=''  data-image_attachment=''  data-min_height='0px'  data-default-height='42'  class='avia-slideshow avia-slideshow-1  av-control-hidden av-default-height-applied avia-slideshow-featured_large av_slideshow  avia-builder-el-0  el_before_av_one_full  avia-builder-el-first    avia-fade-slider '  itemprop=\"image\" itemscope=\"itemscope\" itemtype=\"https:\/\/schema.org\/ImageObject\" ><ul class='avia-slideshow-inner ' style='padding-bottom: 42%;' ><li  class=' av-single-slide slide-1 ' ><div data-rel='slideshow-1' class='avia-slide-wrap '   ><img src='https:\/\/hidalgoesavinoseguros.com.br\/site\/wp-content\/uploads\/2019\/06\/alt_Planos_de_saude_individual_ou_familiar.png' width='1500' height='630' title='alt_Planos_de_saude_individual_ou_familiar' alt=''  itemprop=\"thumbnailUrl\"   \/><\/div><\/li><\/ul><\/div>\n<div class=\"flex_column av_one_full  av-animated-generic bottom-to-top  flex_column_div av-zero-column-padding first  avia-builder-el-1  el_after_av_slideshow  el_before_av_one_full  \" style='margin-top:0px; margin-bottom:0px; border-radius:0px; '><p><div style='padding-bottom:0px; ' class='av-special-heading av-special-heading-h2  blockquote modern-quote  avia-builder-el-2  el_before_av_hr  avia-builder-el-first   '><h2 class='av-special-heading-tag '  itemprop=\"headline\"  >Individual \/ Familiar<\/h2><div class='special-heading-border'><div class='special-heading-inner-border' ><\/div><\/div><\/div><br \/>\n<div style=' margin-top:10px; margin-bottom:10px;'  class='hr hr-custom hr-left hr-icon-no   avia-builder-el-3  el_after_av_heading  avia-builder-el-last '><span class='hr-inner   inner-border-av-border-fat' style=' width:50px; border-color:#efbb20;' ><span class='hr-inner-style'><\/span><\/span><\/div><\/p><\/div>\n<div class=\"flex_column av_one_full  av-animated-generic bottom-to-top  flex_column_div av-zero-column-padding first  avia-builder-el-4  el_after_av_one_full  avia-builder-el-last  column-top-margin\" style='margin-top:0px; margin-bottom:0px; border-radius:0px; '><section class=\"av_textblock_section \"  itemscope=\"itemscope\" itemtype=\"https:\/\/schema.org\/CreativeWork\" ><div class='avia_textblock  '   itemprop=\"text\" ><p>\u00c9 contratado diretamente por pessoas f\u00edsicas junto a uma Operadora de Sa\u00fade.<br \/>\nQuando incluir dependentes, \u00e9 denominado plano familiar.<br \/>\nNesse tipo de contrata\u00e7\u00e3o, o benefici\u00e1rio n\u00e3o conta com uma Entidade de Classe de car\u00e1ter profissional, classista ou setorial na representa\u00e7\u00e3o e na defesa dos seus direitos.<br \/>\nN\u00e3o h\u00e1 apoio de uma Administradora de Benef\u00edcios.<br \/>\nPossuir CPF v\u00e1lido (benefici\u00e1rio titular) e contratar o plano diretamente com a Operadora de Sa\u00fade atrav\u00e9s de uma corretora<br \/>\nO in\u00edcio da vig\u00eancia, se d\u00e1 a partir da assinatura da proposta de ades\u00e3o.<br \/>\nOu do pagamento da primeira mensalidade, o que ocorrer primeiro.<br \/>\nNos casos de inadimpl\u00eancia do benefici\u00e1rio, por mais de 60 dias, desde que notificado at\u00e9 o quinquag\u00e9simo dia da inadimpl\u00eancia.<br \/>\nO reajuste anual \u00e9 definido pela ANS, que autoriza a aplica\u00e7\u00e3o do mesmo diretamente pela Operadora de Sa\u00fade.<\/p>\n<\/div><\/section><\/div>\n","protected":false},"excerpt":{"rendered":"","protected":false},"author":1,"featured_media":0,"parent":348,"menu_order":0,"comment_status":"closed","ping_status":"closed","template":"","meta":[],"_links":{"self":[{"href":"https:\/\/hidalgoesavinoseguros.com.br\/site\/wp-json\/wp\/v2\/pages\/408"}],"collection":[{"href":"https:\/\/hidalgoesavinoseguros.com.br\/site\/wp-json\/wp\/v2\/pages"}],"about":[{"href":"https:\/\/hidalgoesavinoseguros.com.br\/site\/wp-json\/wp\/v2\/types\/page"}],"author":[{"embeddable":true,"href":"https:\/\/hidalgoesavinoseguros.com.br\/site\/wp-json\/wp\/v2\/users\/1"}],"replies":[{"embeddable":true,"href":"https:\/\/hidalgoesavinoseguros.com.br\/site\/wp-json\/wp\/v2\/comments?post=408"}],"version-history":[{"count":3,"href":"https:\/\/hidalgoesavinoseguros.com.br\/site\/wp-json\/wp\/v2\/pages\/408\/revisions"}],"predecessor-version":[{"id":442,"href":"https:\/\/hidalgoesavinoseguros.com.br\/site\/wp-json\/wp\/v2\/pages\/408\/revisions\/442"}],"up":[{"embeddable":true,"href":"https:\/\/hidalgoesavinoseguros.com.br\/site\/wp-json\/wp\/v2\/pages\/348"}],"wp:attachment":[{"href":"https:\/\/hidalgoesavinoseguros.com.br\/site\/wp-json\/wp\/v2\/media?parent=408"}],"curies":[{"name":"wp","href":"https:\/\/api.w.org\/{rel}","templated":true}]}}