{"id":397,"date":"2019-07-30T21:55:08","date_gmt":"2019-07-30T21:55:08","guid":{"rendered":"http:\/\/hidalgoesavinoseguros.com.br\/site\/?page_id=397"},"modified":"2019-08-08T00:47:27","modified_gmt":"2019-08-08T00:47:27","slug":"interior-design-2","status":"publish","type":"page","link":"https:\/\/hidalgoesavinoseguros.com.br\/site\/service\/interior-design-2\/","title":{"rendered":"Seguro de Viagem"},"content":{"rendered":"<div  data-size='featured_large'  data-lightbox_size='large'  data-animation='fade'  data-conditional_play=''  data-ids='390'  data-video_counter='0'  data-autoplay='true'  data-bg_slider='false'  data-slide_height=''  data-handle='av_slideshow'  data-interval='5'  data-class=' avia-builder-el-0  el_before_av_one_full  avia-builder-el-first   '  data-css_id=''  data-scroll_down=''  data-control_layout='av-control-hidden'  data-custom_markup=''  data-perma_caption=''  data-autoplay_stopper=''  data-image_attachment=''  data-min_height='0px'  data-default-height='42'  class='avia-slideshow avia-slideshow-1  av-control-hidden av-default-height-applied avia-slideshow-featured_large av_slideshow  avia-builder-el-0  el_before_av_one_full  avia-builder-el-first    avia-fade-slider '  itemprop=\"image\" itemscope=\"itemscope\" itemtype=\"https:\/\/schema.org\/ImageObject\" ><ul class='avia-slideshow-inner ' style='padding-bottom: 42%;' ><li  class=' av-single-slide slide-1 ' ><div data-rel='slideshow-1' class='avia-slide-wrap '   ><img src='https:\/\/hidalgoesavinoseguros.com.br\/site\/wp-content\/uploads\/2019\/07\/seguro_viagem1.jpg' width='1500' height='630' title='seguro_viagem1' alt=''  itemprop=\"thumbnailUrl\"   \/><\/div><\/li><\/ul><\/div>\n<div class=\"flex_column av_one_full  av-animated-generic bottom-to-top  flex_column_div av-zero-column-padding first  avia-builder-el-1  el_after_av_slideshow  el_before_av_one_full  \" style='margin-top:0px; margin-bottom:0px; border-radius:0px; '><p><div style='padding-bottom:0px; ' class='av-special-heading av-special-heading-h2  blockquote modern-quote  avia-builder-el-2  el_before_av_hr  avia-builder-el-first   '><h2 class='av-special-heading-tag '  itemprop=\"headline\"  >Seguro Viagem<\/h2><div class='special-heading-border'><div class='special-heading-inner-border' ><\/div><\/div><\/div><br \/>\n<div style=' margin-top:10px; margin-bottom:10px;'  class='hr hr-custom hr-left hr-icon-no   avia-builder-el-3  el_after_av_heading  avia-builder-el-last '><span class='hr-inner   inner-border-av-border-fat' style=' width:50px; border-color:#efbb20;' ><span class='hr-inner-style'><\/span><\/span><\/div><\/p><\/div>\n<div class=\"flex_column av_one_full  av-animated-generic bottom-to-top  flex_column_div av-zero-column-padding first  avia-builder-el-4  el_after_av_one_full  avia-builder-el-last  column-top-margin\" style='margin-top:0px; margin-bottom:0px; border-radius:0px; '><section class=\"av_textblock_section \"  itemscope=\"itemscope\" itemtype=\"https:\/\/schema.org\/CreativeWork\" ><div class='avia_textblock  '   itemprop=\"text\" ><p>O seguro viagem garante ao segurado\u00a0indeniza\u00e7\u00e3o no caso da ocorr\u00eancia de riscos cobertos durante per\u00edodo da viagem, que engloba embarque, perman\u00eancia e retorno do viajante. H\u00e1 produtos para todos os destinos \u2013 no Brasil e no exterior \u2013, adequados a todos os perfis de turistas e de profissionais que viajam a trabalho.<\/p>\n<p>O pre\u00e7o \u00e9 atraente e varia de acordo com as\u00a0<strong>coberturas<\/strong>\u00a0contratadas e o n\u00famero de dias da viagem. A indeniza\u00e7\u00e3o \u00e9 limitada ao valor do capital segurado e pode ocorrer na forma de pagamento deste valor, por reembolso de despesas ou ainda via presta\u00e7\u00e3o de servi\u00e7os.<\/p>\n<p>Provavelmente voc\u00ea arrumou as malas com anteced\u00eancia, pesquisou informa\u00e7\u00f5es sobre as condi\u00e7\u00f5es clim\u00e1ticas da cidade ou pa\u00eds para onde vai, fez uma programa\u00e7\u00e3o cuidadosa, com reserva de hot\u00e9is, mapas, dicas de amigos, compromissos agendados, etc.<\/p>\n<p>Mesmo que voc\u00ea tenha cuidado dos m\u00ednimos detalhes, imprevistos acontecem, mas seus impactos podem e devem ser reduzidos. Esse seguro oferece servi\u00e7os pr\u00e1ticos, a custo relativamente baixo, cerca de 5% do valor da viagem.<\/p>\n<p>Ainda que a participa\u00e7\u00e3o do seguro viagem no mercado de seguros seja pequena a maior procura pelo produto registra forte crescimento nos \u00faltimos anos, principalmente devido ao aumento de viagens ao exterior.<\/p>\n<p>O seguro viagem tem que oferecer, obrigatoriamente, prote\u00e7\u00e3o para, pelo menos uma das seguintes coberturas b\u00e1sicas:<\/p>\n<ul>\n<li><strong>Despesas m\u00e9dicas, hospitalares e\/ou odontol\u00f3gicas em viagem nacional (DMHO em viagem nacional)<\/strong>\u00a0\u2013 indeniza\u00e7\u00e3o das despesas m\u00e9dicas, hospitalares e\/ou odontol\u00f3gicas derivadas de acidente pessoal ou enfermidade s\u00fabita e aguda ocorrida durante o per\u00edodo de viagem nacional e uma vez constatada a sa\u00edda do segurado de sua cidade de domic\u00edlio.<\/li>\n<li><strong>Despesas m\u00e9dicas, hospitalares e\/ou odontol\u00f3gicas em viagem ao exterior (DMHO em viagem ao exterior)<\/strong>\u00a0\u2013 indeniza\u00e7\u00e3o das despesas m\u00e9dicas, hospitalares e\/ou odontol\u00f3gicas decorrente de acidente pessoal ou enfermidade s\u00fabita e aguda ocorrida durante o per\u00edodo de viagem ao exterior e uma vez constatada a sa\u00edda do segurado pa\u00eds de domic\u00edlio.<\/li>\n<li><strong>Traslado de corpo \u2013<\/strong>\u00a0indeniza\u00e7\u00e3o das despesas com a libera\u00e7\u00e3o e transporte do corpo do segurado do local da ocorr\u00eancia do falecimento at\u00e9 o domic\u00edlio ou local do sepultamento, incluindo-se nestas despesas todos os procedimentos e objetos imprescind\u00edveis ao traslado do corpo. Esta cobertura n\u00e3o pode ser contratada isoladamente.<\/li>\n<li><strong>Regresso sanit\u00e1rio<\/strong>\u00a0\u2013 indeniza\u00e7\u00e3o das despesas com o traslado de regresso do segurado ao local de origem da viagem ou de seu domic\u00edlio caso este n\u00e3o se encontre em condi\u00e7\u00f5es de retornar como passageiro regular por motivo de acidente pessoal ou enfermidade cobertos pelo seguro. Esta cobertura deve englobar, quando requisitado por m\u00e9dico respons\u00e1vel pelo atendimento, mais de uma remo\u00e7\u00e3o.<\/li>\n<li><strong>Traslado M\u00e9dico<\/strong>\u00a0\u2013 indeniza\u00e7\u00e3o das despesas com a remo\u00e7\u00e3o ou transfer\u00eancia do segurado at\u00e9 a cl\u00ednica ou hospital mais pr\u00f3ximo em condi\u00e7\u00f5es de atend\u00ea-lo, por motivo de enfermidade ou acidente pessoal cobertos pelo seguro.<\/li>\n<li><strong>Morte em viagem<\/strong>\u00a0\u2013 pagamento do capital segurado aos benefici\u00e1rios do segurado, de uma \u00fanica vez ou sob a forma de renda, em caso de falecimento do segurado por causas naturais ou acidentais durante o per\u00edodo de viagem.<\/li>\n<li><strong>Morte acidental em viagem \u2013<\/strong>\u00a0pagamento do capital segurado aos benefici\u00e1rios, de uma \u00fanica vez ou sob a forma de renda, em caso de falecimento do segurado, apenas por acidente pessoal ocorrido durante o per\u00edodo de viagem.<\/li>\n<li><strong>Invalidez permanente total ou parcial por acidente em viagem \u2013<\/strong>\u00a0indeniza\u00e7\u00e3o em caso de perda, redu\u00e7\u00e3o ou impot\u00eancia funcional definitiva, total ou parcial, dos membros ou \u00f3rg\u00e3os definidos no contrato em decorr\u00eancia de les\u00e3o f\u00edsica sofrida pelo segurado provocada apenas por acidente pessoal ocorrido durante o per\u00edodo de viagem.<\/li>\n<\/ul>\n<\/div><\/section><\/div>\n","protected":false},"excerpt":{"rendered":"","protected":false},"author":1,"featured_media":0,"parent":25,"menu_order":0,"comment_status":"closed","ping_status":"closed","template":"","meta":[],"_links":{"self":[{"href":"https:\/\/hidalgoesavinoseguros.com.br\/site\/wp-json\/wp\/v2\/pages\/397"}],"collection":[{"href":"https:\/\/hidalgoesavinoseguros.com.br\/site\/wp-json\/wp\/v2\/pages"}],"about":[{"href":"https:\/\/hidalgoesavinoseguros.com.br\/site\/wp-json\/wp\/v2\/types\/page"}],"author":[{"embeddable":true,"href":"https:\/\/hidalgoesavinoseguros.com.br\/site\/wp-json\/wp\/v2\/users\/1"}],"replies":[{"embeddable":true,"href":"https:\/\/hidalgoesavinoseguros.com.br\/site\/wp-json\/wp\/v2\/comments?post=397"}],"version-history":[{"count":2,"href":"https:\/\/hidalgoesavinoseguros.com.br\/site\/wp-json\/wp\/v2\/pages\/397\/revisions"}],"predecessor-version":[{"id":463,"href":"https:\/\/hidalgoesavinoseguros.com.br\/site\/wp-json\/wp\/v2\/pages\/397\/revisions\/463"}],"up":[{"embeddable":true,"href":"https:\/\/hidalgoesavinoseguros.com.br\/site\/wp-json\/wp\/v2\/pages\/25"}],"wp:attachment":[{"href":"https:\/\/hidalgoesavinoseguros.com.br\/site\/wp-json\/wp\/v2\/media?parent=397"}],"curies":[{"name":"wp","href":"https:\/\/api.w.org\/{rel}","templated":true}]}}