{"id":144,"date":"2015-10-22T15:32:53","date_gmt":"2015-10-22T15:32:53","guid":{"rendered":"http:\/\/test.kriesi.at\/construction\/?page_id=144"},"modified":"2019-08-08T00:42:15","modified_gmt":"2019-08-08T00:42:15","slug":"big-projects","status":"publish","type":"page","link":"https:\/\/hidalgoesavinoseguros.com.br\/site\/service\/big-projects\/","title":{"rendered":"Previd\u00eancia Privada"},"content":{"rendered":"<div  data-size='featured_large'  data-lightbox_size='large'  data-animation='fade'  data-conditional_play=''  data-ids='377'  data-video_counter='0'  data-autoplay='true'  data-bg_slider='false'  data-slide_height=''  data-handle='av_slideshow'  data-interval='5'  data-class=' avia-builder-el-0  el_before_av_one_full  avia-builder-el-first   '  data-css_id=''  data-scroll_down=''  data-control_layout='av-control-hidden'  data-custom_markup=''  data-perma_caption=''  data-autoplay_stopper=''  data-image_attachment=''  data-min_height='0px'  data-default-height='42'  class='avia-slideshow avia-slideshow-1  av-control-hidden av-default-height-applied avia-slideshow-featured_large av_slideshow  avia-builder-el-0  el_before_av_one_full  avia-builder-el-first    avia-fade-slider '  itemprop=\"image\" itemscope=\"itemscope\" itemtype=\"https:\/\/schema.org\/ImageObject\" ><ul class='avia-slideshow-inner ' style='padding-bottom: 42%;' ><li  class=' av-single-slide slide-1 ' ><div data-rel='slideshow-1' class='avia-slide-wrap '   ><img src='https:\/\/hidalgoesavinoseguros.com.br\/site\/wp-content\/uploads\/2019\/07\/alt_Previdencia_privada.jpg' width='1500' height='630' title='alt_Previdencia_privada' alt=''  itemprop=\"thumbnailUrl\"   \/><\/div><\/li><\/ul><\/div>\n<div class=\"flex_column av_one_full  av-animated-generic bottom-to-top  flex_column_div av-zero-column-padding first  avia-builder-el-1  el_after_av_slideshow  el_before_av_one_full  \" style='margin-top:0px; margin-bottom:0px; border-radius:0px; '><p><div style='padding-bottom:0px; ' class='av-special-heading av-special-heading-h2  blockquote modern-quote  avia-builder-el-2  el_before_av_hr  avia-builder-el-first   '><h2 class='av-special-heading-tag '  itemprop=\"headline\"  >Previd\u00eancia Privada<\/h2><div class='special-heading-border'><div class='special-heading-inner-border' ><\/div><\/div><\/div><br \/>\n<div style=' margin-top:10px; margin-bottom:10px;'  class='hr hr-custom hr-left hr-icon-no   avia-builder-el-3  el_after_av_heading  avia-builder-el-last '><span class='hr-inner   inner-border-av-border-fat' style=' width:50px; border-color:#efbb20;' ><span class='hr-inner-style'><\/span><\/span><\/div><\/p><\/div>\n<div class=\"flex_column av_one_full  av-animated-generic bottom-to-top  flex_column_div av-zero-column-padding first  avia-builder-el-4  el_after_av_one_full  avia-builder-el-last  column-top-margin\" style='margin-top:0px; margin-bottom:0px; border-radius:0px; '><section class=\"av_textblock_section \"  itemscope=\"itemscope\" itemtype=\"https:\/\/schema.org\/CreativeWork\" ><div class='avia_textblock  '   itemprop=\"text\" ><p>Os Planos de Previd\u00eancia Privada s\u00e3o tipos de investimentos populares que muitos brasileiros escolhem por acreditar que atrav\u00e9s deles ter\u00e3o uma renda mensal um pouco melhor que a aposentadoria paga pelo Governo, ao final da vida.<\/p>\n<p>Os planos de previd\u00eancia privada mais populares s\u00e3o o PGBL e VGBL. PGBL significa Plano Gerador de Benef\u00edcios Livres. VGBL significa Vida Gerador de Benef\u00edcios Livres. Estes 2 planos de previd\u00eancia s\u00e3o tipos de aposentadorias que n\u00e3o est\u00e3o ligadas ao governo (INSS).<\/p>\n<p>S\u00e3o regulamentados pela Susep que \u00e9 uma autarquia vinculada ao Minist\u00e9rio da Fazenda. Os planos de previd\u00eancia privada s\u00e3o alternativas a aposentadoria paga pelo Governo.<\/p>\n<p>Para ter uma renda complementar \u00e9 preciso que o investidor contribua por um determinado per\u00edodo de tempo para poder receber o benef\u00edcio da renda mensal ao final do per\u00edodo determinado pelo regras do plano de previd\u00eancia privada escolhido.<\/p>\n<\/div><\/section><\/div>\n","protected":false},"excerpt":{"rendered":"","protected":false},"author":1,"featured_media":0,"parent":25,"menu_order":0,"comment_status":"closed","ping_status":"closed","template":"","meta":[],"_links":{"self":[{"href":"https:\/\/hidalgoesavinoseguros.com.br\/site\/wp-json\/wp\/v2\/pages\/144"}],"collection":[{"href":"https:\/\/hidalgoesavinoseguros.com.br\/site\/wp-json\/wp\/v2\/pages"}],"about":[{"href":"https:\/\/hidalgoesavinoseguros.com.br\/site\/wp-json\/wp\/v2\/types\/page"}],"author":[{"embeddable":true,"href":"https:\/\/hidalgoesavinoseguros.com.br\/site\/wp-json\/wp\/v2\/users\/1"}],"replies":[{"embeddable":true,"href":"https:\/\/hidalgoesavinoseguros.com.br\/site\/wp-json\/wp\/v2\/comments?post=144"}],"version-history":[{"count":3,"href":"https:\/\/hidalgoesavinoseguros.com.br\/site\/wp-json\/wp\/v2\/pages\/144\/revisions"}],"predecessor-version":[{"id":461,"href":"https:\/\/hidalgoesavinoseguros.com.br\/site\/wp-json\/wp\/v2\/pages\/144\/revisions\/461"}],"up":[{"embeddable":true,"href":"https:\/\/hidalgoesavinoseguros.com.br\/site\/wp-json\/wp\/v2\/pages\/25"}],"wp:attachment":[{"href":"https:\/\/hidalgoesavinoseguros.com.br\/site\/wp-json\/wp\/v2\/media?parent=144"}],"curies":[{"name":"wp","href":"https:\/\/api.w.org\/{rel}","templated":true}]}}