{"id":142,"date":"2015-10-22T15:32:34","date_gmt":"2015-10-22T15:32:34","guid":{"rendered":"http:\/\/test.kriesi.at\/construction\/?page_id=142"},"modified":"2019-08-08T00:44:17","modified_gmt":"2019-08-08T00:44:17","slug":"interior-design","status":"publish","type":"page","link":"https:\/\/hidalgoesavinoseguros.com.br\/site\/service\/interior-design\/","title":{"rendered":"Seguro de Vida"},"content":{"rendered":"<div  data-size='featured_large'  data-lightbox_size='large'  data-animation='fade'  data-conditional_play=''  data-ids='341'  data-video_counter='0'  data-autoplay='true'  data-bg_slider='false'  data-slide_height=''  data-handle='av_slideshow'  data-interval='5'  data-class=' avia-builder-el-0  el_before_av_one_full  avia-builder-el-first   '  data-css_id=''  data-scroll_down=''  data-control_layout='av-control-hidden'  data-custom_markup=''  data-perma_caption=''  data-autoplay_stopper=''  data-image_attachment=''  data-min_height='0px'  data-default-height='42'  class='avia-slideshow avia-slideshow-1  av-control-hidden av-default-height-applied avia-slideshow-featured_large av_slideshow  avia-builder-el-0  el_before_av_one_full  avia-builder-el-first    avia-fade-slider '  itemprop=\"image\" itemscope=\"itemscope\" itemtype=\"https:\/\/schema.org\/ImageObject\" ><ul class='avia-slideshow-inner ' style='padding-bottom: 42%;' ><li  class=' av-single-slide slide-1 ' ><div data-rel='slideshow-1' class='avia-slide-wrap '   ><img src='https:\/\/hidalgoesavinoseguros.com.br\/site\/wp-content\/uploads\/2019\/06\/alt_Seguro_de_vida.jpg' width='1500' height='630' title='alt_Seguro_de_vida' alt=''  itemprop=\"thumbnailUrl\"   \/><\/div><\/li><\/ul><\/div>\n<div class=\"flex_column av_one_full  av-animated-generic bottom-to-top  flex_column_div av-zero-column-padding first  avia-builder-el-1  el_after_av_slideshow  el_before_av_one_full  \" style='margin-top:0px; margin-bottom:0px; border-radius:0px; '><p><div style='padding-bottom:0px; ' class='av-special-heading av-special-heading-h2  blockquote modern-quote  avia-builder-el-2  el_before_av_hr  avia-builder-el-first   '><h2 class='av-special-heading-tag '  itemprop=\"headline\"  >Seguro de Vida<\/h2><div class='special-heading-border'><div class='special-heading-inner-border' ><\/div><\/div><\/div><br \/>\n<div style=' margin-top:10px; margin-bottom:10px;'  class='hr hr-custom hr-left hr-icon-no   avia-builder-el-3  el_after_av_heading  avia-builder-el-last '><span class='hr-inner   inner-border-av-border-fat' style=' width:50px; border-color:#efbb20;' ><span class='hr-inner-style'><\/span><\/span><\/div><\/p><\/div>\n<div class=\"flex_column av_one_full  av-animated-generic bottom-to-top  flex_column_div av-zero-column-padding first  avia-builder-el-4  el_after_av_one_full  avia-builder-el-last  column-top-margin\" style='margin-top:0px; margin-bottom:0px; border-radius:0px; '><section class=\"av_textblock_section \"  itemscope=\"itemscope\" itemtype=\"https:\/\/schema.org\/CreativeWork\" ><div class='avia_textblock  '   itemprop=\"text\" ><p>O seguro de vida \u00e9 um contrato que voc\u00ea faz com uma seguradora para garantir prote\u00e7\u00e3o financeira para seus familiares e\/ou pessoas que dependem de voc\u00ea, no caso de sua falta. \u00c9 um seguro que tamb\u00e9m pode benefici\u00e1-lo diretamente, no caso de invalidez permanente ou de uma doen\u00e7a grave, por exemplo. O contrato deste tipo de seguro possui obrigatoriamente a cobertura para o risco de morte, ocorrida por causa natural ou acidental, ou quando se tratar de cobertura por sobreviv\u00eancia, encontrada em planos de car\u00e1ter previdenci\u00e1rio (indeniza\u00e7\u00e3o paga de uma s\u00f3 vez ou sob a forma de renda, caso o segurado sobreviva ao per\u00edodo estipulado na ap\u00f3lice do seguro de vida).<\/p>\n<p>A cobertura principal e obrigat\u00f3ria do seguro de vida (contra o risco de morte) pode ter garantias complementares previstas no seguro de pessoas. Isso \u00e9 poss\u00edvel porque o seguro de vida faz parte do seguro de pessoas. Este possui diversas coberturas: morte, invalidez por acidente, invalidez funcional permanente por doen\u00e7a, invalidez laborativa permanente por doen\u00e7a, doen\u00e7as graves, di\u00e1ria por interna\u00e7\u00e3o hospitalar, di\u00e1ria de incapacidade tempor\u00e1ria, desemprego e perda de renda, entre outras.<\/p>\n<p>Todas essas coberturas ainda podem ser combinadas de tal forma que resultar\u00e3o em produtos espec\u00edficos, como os seguros viagem, prestamista e educacional.<\/p>\n<h3><strong>Quais os benef\u00edcios que o seguro de vida proporciona?<\/strong><\/h3>\n<p>Quando acontece a falta da pessoa que era a provedora do sustento da fam\u00edlia, geralmente o padr\u00e3o de vida de seus dependentes tende a cair. Dificuldades financeiras tamb\u00e9m ocorrem no caso de o provedor se tornar uma pessoa inv\u00e1lida ou adoecer gravemente ou ficar impedido de exercer sua atividade profissional, etc. Garantir a prote\u00e7\u00e3o pessoal, proporcionando prote\u00e7\u00e3o financeira na hip\u00f3tese de ocorrer uma dessas fatalidades \u00e9 o objetivo principal dos seguros de pessoas, inclu\u00eddo o seguro de vida.<\/p>\n<p>Dessa forma, o seguro de vida \u00e9 instrumento de prote\u00e7\u00e3o social, j\u00e1 que contribui para amenizar as condi\u00e7\u00f5es financeiras desfavor\u00e1veis que o segurado ou seu(s) benefici\u00e1rio(s) poder\u00e3o enfrentar, se algum dos riscos cobertos se concretizar.<\/p>\n<p>Ao comprar uma ap\u00f3lice do seguro de vida, voc\u00ea escolher\u00e1 o(s) benefici\u00e1rio(s) e definir\u00e1 o valor do capital segurado, que \u00e9 a quantia m\u00e1xima a ser paga pela seguradora, caso ocorra um\u00a0sinistro\u00a0previsto no contrato.<\/p>\n<p>O seguro de vida proporciona prote\u00e7\u00e3o \u00e0s fam\u00edlias das mais diferentes camadas sociais, em especial aquelas que possuem pouco ou nenhum patrim\u00f4nio ou reserva financeira. Para estas, em particular, a falta do provedor ou a sua invalidez permanente compromete, total ou significativamente, e de forma imediata, a renda e a subsist\u00eancia dos dependentes. Este tipo de seguro auxilia a manuten\u00e7\u00e3o do padr\u00e3o de vida da fam\u00edlia, a continuidade do estudo dos filhos, o sustento da casa e garante a quita\u00e7\u00e3o do financiamento da casa pr\u00f3pria, entre outras despesas, at\u00e9 que a capacidade financeira esteja recuperada.<\/p>\n<p>Outro benef\u00edcio do seguro de vida \u00e9 que a quantia paga pela seguradora ao(s) benefici\u00e1rio(s), no caso de morte do segurado, n\u00e3o entra no invent\u00e1rio, ou seja, pode ser liberada rapidamente e sem taxa\u00e7\u00e3o do Imposto sobre Transmiss\u00e3o Causa Mortis (ITD).<\/p>\n<\/div><\/section><\/div>\n","protected":false},"excerpt":{"rendered":"","protected":false},"author":1,"featured_media":0,"parent":25,"menu_order":0,"comment_status":"closed","ping_status":"closed","template":"","meta":[],"_links":{"self":[{"href":"https:\/\/hidalgoesavinoseguros.com.br\/site\/wp-json\/wp\/v2\/pages\/142"}],"collection":[{"href":"https:\/\/hidalgoesavinoseguros.com.br\/site\/wp-json\/wp\/v2\/pages"}],"about":[{"href":"https:\/\/hidalgoesavinoseguros.com.br\/site\/wp-json\/wp\/v2\/types\/page"}],"author":[{"embeddable":true,"href":"https:\/\/hidalgoesavinoseguros.com.br\/site\/wp-json\/wp\/v2\/users\/1"}],"replies":[{"embeddable":true,"href":"https:\/\/hidalgoesavinoseguros.com.br\/site\/wp-json\/wp\/v2\/comments?post=142"}],"version-history":[{"count":3,"href":"https:\/\/hidalgoesavinoseguros.com.br\/site\/wp-json\/wp\/v2\/pages\/142\/revisions"}],"predecessor-version":[{"id":462,"href":"https:\/\/hidalgoesavinoseguros.com.br\/site\/wp-json\/wp\/v2\/pages\/142\/revisions\/462"}],"up":[{"embeddable":true,"href":"https:\/\/hidalgoesavinoseguros.com.br\/site\/wp-json\/wp\/v2\/pages\/25"}],"wp:attachment":[{"href":"https:\/\/hidalgoesavinoseguros.com.br\/site\/wp-json\/wp\/v2\/media?parent=142"}],"curies":[{"name":"wp","href":"https:\/\/api.w.org\/{rel}","templated":true}]}}