{"id":140,"date":"2015-10-22T15:32:14","date_gmt":"2015-10-22T15:32:14","guid":{"rendered":"http:\/\/test.kriesi.at\/construction\/?page_id=140"},"modified":"2019-08-08T00:41:18","modified_gmt":"2019-08-08T00:41:18","slug":"small-projects","status":"publish","type":"page","link":"https:\/\/hidalgoesavinoseguros.com.br\/site\/service\/small-projects\/","title":{"rendered":"Seguro Empresarial"},"content":{"rendered":"<div  data-size='featured_large'  data-lightbox_size='large'  data-animation='fade'  data-conditional_play=''  data-ids='340'  data-video_counter='0'  data-autoplay='true'  data-bg_slider='false'  data-slide_height=''  data-handle='av_slideshow'  data-interval='5'  data-class=' avia-builder-el-0  el_before_av_one_full  avia-builder-el-first   '  data-css_id=''  data-scroll_down=''  data-control_layout='av-control-hidden'  data-custom_markup=''  data-perma_caption=''  data-autoplay_stopper=''  data-image_attachment=''  data-min_height='0px'  data-default-height='42'  class='avia-slideshow avia-slideshow-1  av-control-hidden av-default-height-applied avia-slideshow-featured_large av_slideshow  avia-builder-el-0  el_before_av_one_full  avia-builder-el-first    avia-fade-slider '  itemprop=\"image\" itemscope=\"itemscope\" itemtype=\"https:\/\/schema.org\/ImageObject\" ><ul class='avia-slideshow-inner ' style='padding-bottom: 42%;' ><li  class=' av-single-slide slide-1 ' ><div data-rel='slideshow-1' class='avia-slide-wrap '   ><img src='https:\/\/hidalgoesavinoseguros.com.br\/site\/wp-content\/uploads\/2019\/06\/alt_Seguro_empresarial.jpg' width='1500' height='630' title='alt_Seguro_empresarial' alt=''  itemprop=\"thumbnailUrl\"   \/><\/div><\/li><\/ul><\/div>\n<div class=\"flex_column av_one_full  av-animated-generic bottom-to-top  flex_column_div av-zero-column-padding first  avia-builder-el-1  el_after_av_slideshow  el_before_av_one_full  \" style='margin-top:0px; margin-bottom:0px; border-radius:0px; '><p><div style='padding-bottom:0px; ' class='av-special-heading av-special-heading-h2  blockquote modern-quote  avia-builder-el-2  el_before_av_hr  avia-builder-el-first   '><h2 class='av-special-heading-tag '  itemprop=\"headline\"  >Seguro Empresarial<\/h2><div class='special-heading-border'><div class='special-heading-inner-border' ><\/div><\/div><\/div><br \/>\n<div style=' margin-top:10px; margin-bottom:10px;'  class='hr hr-custom hr-left hr-icon-no   avia-builder-el-3  el_after_av_heading  avia-builder-el-last '><span class='hr-inner   inner-border-av-border-fat' style=' width:50px; border-color:#efbb20;' ><span class='hr-inner-style'><\/span><\/span><\/div><\/p><\/div>\n<div class=\"flex_column av_one_full  av-animated-generic bottom-to-top  flex_column_div av-zero-column-padding first  avia-builder-el-4  el_after_av_one_full  avia-builder-el-last  column-top-margin\" style='margin-top:0px; margin-bottom:0px; border-radius:0px; '><section class=\"av_textblock_section \"  itemscope=\"itemscope\" itemtype=\"https:\/\/schema.org\/CreativeWork\" ><div class='avia_textblock  '   itemprop=\"text\" ><p>Todo edif\u00edcio onde uma empresa exerce atividade est\u00e1 sujeito a situa\u00e7\u00f5es inesperadas. Uma chuva forte, raios, uma falha em algum sistema de seguran\u00e7a. Estes s\u00e3o alguns exemplos de imprevistos dos quais muitos donos de neg\u00f3cio n\u00e3o se d\u00e3o conta. Muitas vezes, isso ocorre porque imaginam que a chance do acontecimento \u00e9 extremamente baixa.<\/p>\n<p>Os seguros empresariais garantem a recupera\u00e7\u00e3o r\u00e1pida de bens ou de estruturas danificadas que prejudicam o andamento do neg\u00f3cio, sem que o empres\u00e1rio ou sua equipe percam muito tempo sobre aquele problema.<\/p>\n<p>Um destelhamento de uma f\u00e1brica por conta de ventos fortes, por exemplo, \u00e9 um acontecimento que exige resposta r\u00e1pida. Caso contr\u00e1rio, a empresa poder\u00e1 perder muito tempo e dinheiro at\u00e9 o fim dos devidos reparos. Mesmo se o local n\u00e3o \u00e9 de sua propriedade, mas alugado, a responsabilidade recai sobre quem atua no im\u00f3vel.<strong>\u00a0<\/strong><\/p>\n<h2>Seguro empresarial como funciona?<\/h2>\n<p>Os seguros empresariais mais comuns s\u00e3o os que indenizam danos no edif\u00edcio ou em bens no interior da empresa, em decorr\u00eancia de inc\u00eandios, explos\u00f5es ou panes el\u00e9tricas. Desastres naturais, como uma chuva de granizo, tamb\u00e9m podem entrar em uma ap\u00f3lice nessa cobertura. Outros acontecimentos, como crimes ou vandalismo contra o patrim\u00f4nio da empresa tamb\u00e9m podem ser assegurados.<\/p>\n<p>As formas de cobertura das ap\u00f3lices s\u00e3o bem flex\u00edveis, podendo ser adequadas de acordo com as necessidades da empresa e em concord\u00e2ncia com a atividade comercial exercida. Uma dica importante para ajustar a ap\u00f3lice do seguro empresarial \u00e9 reconhecer os potenciais riscos para o seu neg\u00f3cio.<strong>\u00a0<\/strong><\/p>\n<h2>Responsabilidade civil<\/h2>\n<p>O seguro empresarial pode tamb\u00e9m garantir que a empresa cumpra uma s\u00e9rie de responsabilidades civis. Dentre elas, o pagamento de indeniza\u00e7\u00f5es de ve\u00edculos ou bens de terceiros que estejam sob a guarda do empregador.<\/p>\n<p>Outro exemplo de responsabilidade civil \u00e9 o pagamento de indeniza\u00e7\u00f5es a funcion\u00e1rios que se acidentaram durante o trabalho.<strong>\u00a0<\/strong><\/p>\n<h2>O que n\u00e3o entra na cobertura?<\/h2>\n<p>Por mais que o seguro empresarial seja uma contrata\u00e7\u00e3o fundamental para sua empresa, \u00e9 bom conhecer alguns itens que naturalmente n\u00e3o s\u00e3o oferecidos pelas ap\u00f3lices, porque n\u00e3o est\u00e3o diretamente ligados \u00e0 atividade final da empresa. Joias, metais preciosos, obras de arte e raridades s\u00e3o alguns desses itens que geralmente ficam de fora do seguro empresarial.<\/p>\n<p>Indeniza\u00e7\u00f5es de ve\u00edculos terrestres, embarca\u00e7\u00f5es e a\u00e9reos tamb\u00e9m n\u00e3o entram nessa modalidade de seguro. O que pode acontecer, por exemplo, \u00e9 a cobertura de danos a terceiros, causados pela queda de uma aeronave da empresa. Neste caso, o seguro estaria cobrindo a responsabilidade civil da empresa sobre o ocorrido e n\u00e3o o valor do ve\u00edculo.<\/p>\n<p>O uso cont\u00ednuo de equipamentos tamb\u00e9m n\u00e3o \u00e9 motivo para ativar este seguro. M\u00e1quinas que desgastam por a\u00e7\u00e3o do tempo ou mesmo que deterioram por tempo de uso n\u00e3o est\u00e3o dentro das ap\u00f3lices do seguro empresarial.<\/p>\n<\/div><\/section><\/div>\n","protected":false},"excerpt":{"rendered":"","protected":false},"author":1,"featured_media":0,"parent":25,"menu_order":0,"comment_status":"closed","ping_status":"closed","template":"","meta":[],"_links":{"self":[{"href":"https:\/\/hidalgoesavinoseguros.com.br\/site\/wp-json\/wp\/v2\/pages\/140"}],"collection":[{"href":"https:\/\/hidalgoesavinoseguros.com.br\/site\/wp-json\/wp\/v2\/pages"}],"about":[{"href":"https:\/\/hidalgoesavinoseguros.com.br\/site\/wp-json\/wp\/v2\/types\/page"}],"author":[{"embeddable":true,"href":"https:\/\/hidalgoesavinoseguros.com.br\/site\/wp-json\/wp\/v2\/users\/1"}],"replies":[{"embeddable":true,"href":"https:\/\/hidalgoesavinoseguros.com.br\/site\/wp-json\/wp\/v2\/comments?post=140"}],"version-history":[{"count":3,"href":"https:\/\/hidalgoesavinoseguros.com.br\/site\/wp-json\/wp\/v2\/pages\/140\/revisions"}],"predecessor-version":[{"id":460,"href":"https:\/\/hidalgoesavinoseguros.com.br\/site\/wp-json\/wp\/v2\/pages\/140\/revisions\/460"}],"up":[{"embeddable":true,"href":"https:\/\/hidalgoesavinoseguros.com.br\/site\/wp-json\/wp\/v2\/pages\/25"}],"wp:attachment":[{"href":"https:\/\/hidalgoesavinoseguros.com.br\/site\/wp-json\/wp\/v2\/media?parent=140"}],"curies":[{"name":"wp","href":"https:\/\/api.w.org\/{rel}","templated":true}]}}