{"id":113,"date":"2015-10-22T14:34:37","date_gmt":"2015-10-22T14:34:37","guid":{"rendered":"http:\/\/test.kriesi.at\/construction\/?page_id=113"},"modified":"2019-08-08T01:11:02","modified_gmt":"2019-08-08T01:11:02","slug":"architecture","status":"publish","type":"page","link":"https:\/\/hidalgoesavinoseguros.com.br\/site\/service\/architecture\/","title":{"rendered":"Seguro Autom\u00f3vel"},"content":{"rendered":"<div  data-size='featured_large'  data-lightbox_size='large'  data-animation='fade'  data-conditional_play=''  data-ids='387'  data-video_counter='0'  data-autoplay='true'  data-bg_slider='false'  data-slide_height=''  data-handle='av_slideshow'  data-interval='5'  data-class=' avia-builder-el-0  el_before_av_one_full  avia-builder-el-first   '  data-css_id=''  data-scroll_down=''  data-control_layout='av-control-hidden'  data-custom_markup=''  data-perma_caption=''  data-autoplay_stopper=''  data-image_attachment=''  data-min_height='0px'  data-default-height='42'  class='avia-slideshow avia-slideshow-1  av-control-hidden av-default-height-applied avia-slideshow-featured_large av_slideshow  avia-builder-el-0  el_before_av_one_full  avia-builder-el-first    avia-fade-slider '  itemprop=\"image\" itemscope=\"itemscope\" itemtype=\"https:\/\/schema.org\/ImageObject\" ><ul class='avia-slideshow-inner ' style='padding-bottom: 42%;' ><li  class=' av-single-slide slide-1 ' ><div data-rel='slideshow-1' class='avia-slide-wrap '   ><img src='https:\/\/hidalgoesavinoseguros.com.br\/site\/wp-content\/uploads\/2019\/07\/seguro_auto1.jpg' width='1500' height='630' title='seguro_auto1' alt=''  itemprop=\"thumbnailUrl\"   \/><\/div><\/li><\/ul><\/div>\n<div class=\"flex_column av_one_full  av-animated-generic bottom-to-top  flex_column_div av-zero-column-padding first  avia-builder-el-1  el_after_av_slideshow  el_before_av_one_full  \" style='margin-top:0px; margin-bottom:0px; border-radius:0px; '><p><div style='padding-bottom:0px; ' class='av-special-heading av-special-heading-h2  blockquote modern-quote  avia-builder-el-2  el_before_av_hr  avia-builder-el-first   '><h2 class='av-special-heading-tag '  itemprop=\"headline\"  >Seguro Autom\u00f3vel<\/h2><div class='special-heading-border'><div class='special-heading-inner-border' ><\/div><\/div><\/div><br \/>\n<div style=' margin-top:10px; margin-bottom:10px;'  class='hr hr-custom hr-left hr-icon-no   avia-builder-el-3  el_after_av_heading  avia-builder-el-last '><span class='hr-inner   inner-border-av-border-fat' style=' width:50px; border-color:#efbb20;' ><span class='hr-inner-style'><\/span><\/span><\/div><\/p><\/div>\n<div class=\"flex_column av_one_full  av-animated-generic bottom-to-top  flex_column_div av-zero-column-padding first  avia-builder-el-4  el_after_av_one_full  avia-builder-el-last  column-top-margin\" style='margin-top:0px; margin-bottom:0px; border-radius:0px; '><section class=\"av_textblock_section \"  itemscope=\"itemscope\" itemtype=\"https:\/\/schema.org\/CreativeWork\" ><div class='avia_textblock  '   itemprop=\"text\" ><p align=\"justify\">Hoje em dia, o\u00a0seguro de autom\u00f3vel\u00a0passou a ser uma necessidade para quem quer garantir a sua seguran\u00e7a no tr\u00e2nsito e tamb\u00e9m do seu carro. Infelizmente, todos que possuem um carro est\u00e3o sujeitos a acidentes, furtos, roubos e problemas mec\u00e2nicos, assim, a contrata\u00e7\u00e3o desse tipo de servi\u00e7o \u00e9 vi\u00e1vel.<\/p>\n<p align=\"justify\">Abaixo est\u00e3o listadas algumas informa\u00e7\u00f5es, que s\u00e3o d\u00favidas de muitos, em rela\u00e7\u00e3o \u00e0 contrata\u00e7\u00e3o desse tipo de servi\u00e7o:<\/p>\n<p align=\"justify\">\n<ul>\n<li>\n<p align=\"justify\">Tipos de seguros de ve\u00edculos: no pa\u00eds, o seguro de autom\u00f3veis consiste no seguro obrigat\u00f3rio (DPVAT) e seguro facultativo, que \u00e9 propriamente dito o <strong>seguro de autom\u00f3vel<\/strong><a href=\"https:\/\/melhorseguros.com\/seguro-auto\/\">.<\/a><\/p>\n<\/li>\n<li>\n<p align=\"justify\">Garantias do seguro de autom\u00f3vel: esta presta\u00e7\u00e3o de servi\u00e7o oferece indeniza\u00e7\u00e3o por danos acidentais, roubo, furto, ressarcimento de danos a terceiros, indeniza\u00e7\u00e3o a passageiros acidentados e assist\u00eancia ao ve\u00edculo.<\/p>\n<\/li>\n<li>\n<p align=\"justify\">Franquia: este termo, que \u00e9 determinado na ap\u00f3lice, diz respeito ao valor em dinheiro que ser\u00e1 pago em cada sinistro que ocorrer para consertar os danos do carro, caso o preju\u00edzo alcan\u00e7ado ultrapasse esse valor.<\/p>\n<\/li>\n<li>\n<p align=\"justify\">Pr\u00eamio: atrav\u00e9s de pesquisas estat\u00edsticas (como modelo do carro, regi\u00f5es que apresentam mais roubos, dentro outros) as seguradoras calculam o risco de base, que corresponde ao valor que o interessado paga para usar o seguro<\/p>\n<p>.<\/li>\n<\/ul>\n<p align=\"justify\">\u00c9 importante que a pessoa que deseja realizar a contrata\u00e7\u00e3o de um\u00a0seguro de autom\u00f3vel esteja ciente de todas as burocracias e funcionamento do servi\u00e7o, para que posteriormente n\u00e3o tenha problemas.<\/p>\n<p align=\"justify\">Al\u00e9m das coberturas convencionais contra roubo, furto e danos a outros ve\u00edculos, muitas seguradoras oferecem coberturas opcionais em seu contrato de\u00a0seguro de autom\u00f3vel<a href=\"https:\/\/melhorseguros.com\/seguro-auto\/\">.<\/a><\/p>\n<p>Na sequ\u00eancia est\u00e3o colocados alguns desses exemplos de coberturas opcionais que as seguradoras oferecem aos seus clientes:<\/p>\n<ul>\n<li>Assist\u00eancia 24 horas: o segurado que opta por esse tipo de servi\u00e7o tem dispon\u00edvel reboques, reparo\/auto-socorro, motorista profissional, hospedagem, transporte alternativo, dentre outros.<\/li>\n<li>Acidentes Pessoais de Passageiros: neste caso, passageiros que se encontram em ve\u00edculo segurado e sofreram algum acidente, morte ou invalidez s\u00e3o cobertas pela seguradora.<\/li>\n<li>Carro reserva: quando o ve\u00edculo \u00e9 sujeitado ao primeiro roubo, furto, inc\u00eandio ou colis\u00e3o, um carro \u00e9 colocado a disposi\u00e7\u00e3o do segurado por um prazo determinado.<\/li>\n<\/ul>\n<\/div><\/section><\/div>\n","protected":false},"excerpt":{"rendered":"","protected":false},"author":1,"featured_media":83,"parent":25,"menu_order":0,"comment_status":"closed","ping_status":"closed","template":"","meta":[],"_links":{"self":[{"href":"https:\/\/hidalgoesavinoseguros.com.br\/site\/wp-json\/wp\/v2\/pages\/113"}],"collection":[{"href":"https:\/\/hidalgoesavinoseguros.com.br\/site\/wp-json\/wp\/v2\/pages"}],"about":[{"href":"https:\/\/hidalgoesavinoseguros.com.br\/site\/wp-json\/wp\/v2\/types\/page"}],"author":[{"embeddable":true,"href":"https:\/\/hidalgoesavinoseguros.com.br\/site\/wp-json\/wp\/v2\/users\/1"}],"replies":[{"embeddable":true,"href":"https:\/\/hidalgoesavinoseguros.com.br\/site\/wp-json\/wp\/v2\/comments?post=113"}],"version-history":[{"count":5,"href":"https:\/\/hidalgoesavinoseguros.com.br\/site\/wp-json\/wp\/v2\/pages\/113\/revisions"}],"predecessor-version":[{"id":465,"href":"https:\/\/hidalgoesavinoseguros.com.br\/site\/wp-json\/wp\/v2\/pages\/113\/revisions\/465"}],"up":[{"embeddable":true,"href":"https:\/\/hidalgoesavinoseguros.com.br\/site\/wp-json\/wp\/v2\/pages\/25"}],"wp:featuredmedia":[{"embeddable":true,"href":"https:\/\/hidalgoesavinoseguros.com.br\/site\/wp-json\/wp\/v2\/media\/83"}],"wp:attachment":[{"href":"https:\/\/hidalgoesavinoseguros.com.br\/site\/wp-json\/wp\/v2\/media?parent=113"}],"curies":[{"name":"wp","href":"https:\/\/api.w.org\/{rel}","templated":true}]}}